{"id":10097,"date":"2023-11-06T16:47:21","date_gmt":"2023-11-06T15:47:21","guid":{"rendered":"https:\/\/cnecemali.com\/cnece\/concours-ifm-2022-copy\/"},"modified":"2023-11-06T16:59:11","modified_gmt":"2023-11-06T15:59:11","slug":"concours-ifm-2022","status":"publish","type":"page","link":"https:\/\/cnecemali.com\/?page_id=10097","title":{"rendered":"CONCOURS IFM 2022"},"content":{"rendered":"\t\t<div data-elementor-type=\"wp-page\" data-elementor-id=\"10097\" class=\"elementor elementor-10097\" data-elementor-post-type=\"page\">\n\t\t\t\t\t\t<section class=\"elementor-section elementor-top-section elementor-element elementor-element-7232b5f elementor-section-boxed elementor-section-height-default elementor-section-height-default\" data-id=\"7232b5f\" data-element_type=\"section\" data-settings=\"{&quot;background_background&quot;:&quot;classic&quot;}\">\n\t\t\t\t\t\t<div class=\"elementor-container elementor-column-gap-default\">\n\t\t\t\t\t<div class=\"elementor-column elementor-col-75 elementor-top-column elementor-element elementor-element-72331e0\" data-id=\"72331e0\" data-element_type=\"column\">\n\t\t\t<div class=\"elementor-widget-wrap elementor-element-populated\">\n\t\t\t\t\t\t<div class=\"elementor-element elementor-element-7233835 elementor-widget elementor-widget-text-editor\" data-id=\"7233835\" data-element_type=\"widget\" data-widget_type=\"text-editor.default\">\n\t\t\t\t<div class=\"elementor-widget-container\">\n\t\t\t\t\t\t\t<h3>GENERALISTES<\/h3>\n\t\t\t\t\t\t<\/div>\n\t\t\t\t<\/div>\n\t\t\t\t<div class=\"elementor-element elementor-element-7237d60 elementor-widget elementor-widget-vc_custom_heading\" data-id=\"7237d60\" data-element_type=\"widget\" data-widget_type=\"vc_custom_heading.default\">\n\t\t\t\t<div class=\"elementor-widget-container\">\n\t\t\t<div class=\" vc_custom_heading no_stripe consulting_heading_font  text_align_left\" ><h6 style=\"color: #222222;text-align: left;font-weight:700\" class=\"consulting-custom-title\">\n<a  data-e-Disable-Page-Transition=\"true\" class=\"download-link download-button aligncenter\" title=\"\" href=\"https:\/\/cnecemali.com?download=9077&amp;tmstv=1777891329\" rel=\"nofollow\" id=\"download-link-9077\" >\n\t<p>\n\t\tT\u00e9l\u00e9charger &ldquo;Concours-IFM-2022-GENERALISTES&rdquo;\t<\/p>\n\t<small>Decision-Concours-IFM-2022-GENERALISTES.pdf\t\t&ndash; T\u00e9l\u00e9charg\u00e9 1601 fois\t\t&ndash; 2,10 Mo<\/small>\n<\/a>\n\n<\/h6><\/div>\t\t<\/div>\n\t\t\t\t<\/div>\n\t\t\t\t<div class=\"elementor-element elementor-element-8df873f elementor-widget elementor-widget-text-editor\" data-id=\"8df873f\" data-element_type=\"widget\" data-widget_type=\"text-editor.default\">\n\t\t\t\t<div class=\"elementor-widget-container\">\n\t\t\t\t\t\t\t<h3>SPECIALISTES<\/h3>\n\t\t\t\t\t\t<\/div>\n\t\t\t\t<\/div>\n\t\t\t\t<div class=\"elementor-element elementor-element-cf113eb elementor-widget elementor-widget-vc_custom_heading\" data-id=\"cf113eb\" data-element_type=\"widget\" data-widget_type=\"vc_custom_heading.default\">\n\t\t\t\t<div class=\"elementor-widget-container\">\n\t\t\t<div class=\" vc_custom_heading no_stripe consulting_heading_font  text_align_left\" ><h6 style=\"color: #222222;text-align: left;font-weight:700\" class=\"consulting-custom-title\">\n<a  data-e-Disable-Page-Transition=\"true\" class=\"download-link download-button aligncenter\" title=\"\" href=\"https:\/\/cnecemali.com?download=9085&amp;tmstv=1777891329\" rel=\"nofollow\" id=\"download-link-9085\" >\n\t<p>\n\t\tT\u00e9l\u00e9charger &ldquo;Concours-IFM-2022 - SPECIALISTES&rdquo;\t<\/p>\n\t<small>Decision-Concours-IFM-2022-SPECIALISTES.pdf\t\t&ndash; T\u00e9l\u00e9charg\u00e9 1400 fois\t\t&ndash; 2,40 Mo<\/small>\n<\/a>\n\n<\/h6><\/div>\t\t<\/div>\n\t\t\t\t<\/div>\n\t\t\t\t<div class=\"elementor-element elementor-element-a1e92bf elementor-widget elementor-widget-text-editor\" data-id=\"a1e92bf\" data-element_type=\"widget\" data-widget_type=\"text-editor.default\">\n\t\t\t\t<div class=\"elementor-widget-container\">\n\t\t\t\t\t\t\t<h3>HEGIRE<\/h3>\n\t\t\t\t\t\t<\/div>\n\t\t\t\t<\/div>\n\t\t\t\t<div class=\"elementor-element elementor-element-1b81306 elementor-widget elementor-widget-vc_custom_heading\" data-id=\"1b81306\" data-element_type=\"widget\" data-widget_type=\"vc_custom_heading.default\">\n\t\t\t\t<div class=\"elementor-widget-container\">\n\t\t\t<div class=\" vc_custom_heading no_stripe consulting_heading_font  text_align_left\" ><h6 style=\"color: #222222;text-align: left;font-weight:700\" class=\"consulting-custom-title\">\n<a  data-e-Disable-Page-Transition=\"true\" class=\"download-link download-button aligncenter\" title=\"\" href=\"https:\/\/cnecemali.com?download=9087&amp;tmstv=1777891329\" rel=\"nofollow\" id=\"download-link-9087\" >\n\t<p>\n\t\tT\u00e9l\u00e9charger &ldquo;Concours-IFM-2022-HEGIRE&rdquo;\t<\/p>\n\t<small>Decision-Concours-IFM-2022-HEGIRE.pdf\t\t&ndash; T\u00e9l\u00e9charg\u00e9 1509 fois\t\t&ndash; 1,91 Mo<\/small>\n<\/a>\n\n<\/h6><\/div>\t\t<\/div>\n\t\t\t\t<\/div>\n\t\t\t\t<div class=\"elementor-element elementor-element-7ff7ce6 elementor-widget elementor-widget-text-editor\" data-id=\"7ff7ce6\" data-element_type=\"widget\" data-widget_type=\"text-editor.default\">\n\t\t\t\t<div class=\"elementor-widget-container\">\n\t\t\t\t\t\t\t<h3>EFEP<\/h3>\n\t\t\t\t\t\t<\/div>\n\t\t\t\t<\/div>\n\t\t\t\t<div class=\"elementor-element elementor-element-21563af elementor-widget elementor-widget-vc_custom_heading\" data-id=\"21563af\" data-element_type=\"widget\" data-widget_type=\"vc_custom_heading.default\">\n\t\t\t\t<div class=\"elementor-widget-container\">\n\t\t\t<div class=\" vc_custom_heading no_stripe consulting_heading_font  text_align_left\" ><h6 style=\"color: #222222;text-align: left;font-weight:700\" class=\"consulting-custom-title\">\n<a  data-e-Disable-Page-Transition=\"true\" class=\"download-link download-button aligncenter\" title=\"\" href=\"https:\/\/cnecemali.com?download=9089&amp;tmstv=1777891329\" rel=\"nofollow\" id=\"download-link-9089\" >\n\t<p>\n\t\tT\u00e9l\u00e9charger &ldquo;Concours-IFM-2022-EFEP&rdquo;\t<\/p>\n\t<small>Decision-Concours-IFM-2022-EFEP.pdf\t\t&ndash; T\u00e9l\u00e9charg\u00e9 742 fois\t\t&ndash; 1,19 Mo<\/small>\n<\/a>\n\n<\/h6><\/div>\t\t<\/div>\n\t\t\t\t<\/div>\n\t\t\t\t\t<\/div>\n\t\t<\/div>\n\t\t\t\t<div class=\"elementor-column elementor-col-25 elementor-top-column elementor-element elementor-element-723812d elementor-hidden-tablet elementor-hidden-phone\" data-id=\"723812d\" data-element_type=\"column\">\n\t\t\t<div class=\"elementor-widget-wrap elementor-element-populated\">\n\t\t\t\t\t\t\t<\/div>\n\t\t<\/div>\n\t\t\t\t\t<\/div>\n\t\t<\/section>\n\t\t\t\t<\/div>\n\t\t","protected":false},"excerpt":{"rendered":"<p>GENERALISTES SPECIALISTES HEGIRE EFEP<\/p>\n","protected":false},"author":1,"featured_media":0,"parent":6583,"menu_order":0,"comment_status":"closed","ping_status":"closed","template":"","meta":{"footnotes":""},"class_list":["post-10097","page","type-page","status-publish","hentry"],"_links":{"self":[{"href":"https:\/\/cnecemali.com\/index.php?rest_route=\/wp\/v2\/pages\/10097"}],"collection":[{"href":"https:\/\/cnecemali.com\/index.php?rest_route=\/wp\/v2\/pages"}],"about":[{"href":"https:\/\/cnecemali.com\/index.php?rest_route=\/wp\/v2\/types\/page"}],"author":[{"embeddable":true,"href":"https:\/\/cnecemali.com\/index.php?rest_route=\/wp\/v2\/users\/1"}],"replies":[{"embeddable":true,"href":"https:\/\/cnecemali.com\/index.php?rest_route=%2Fwp%2Fv2%2Fcomments&post=10097"}],"version-history":[{"count":0,"href":"https:\/\/cnecemali.com\/index.php?rest_route=\/wp\/v2\/pages\/10097\/revisions"}],"up":[{"embeddable":true,"href":"https:\/\/cnecemali.com\/index.php?rest_route=\/wp\/v2\/pages\/6583"}],"wp:attachment":[{"href":"https:\/\/cnecemali.com\/index.php?rest_route=%2Fwp%2Fv2%2Fmedia&parent=10097"}],"curies":[{"name":"wp","href":"https:\/\/api.w.org\/{rel}","templated":true}]}}