{"id":10161,"date":"2024-02-13T12:55:56","date_gmt":"2024-02-13T11:55:56","guid":{"rendered":"https:\/\/cnecemali.com\/cnece\/bt-agro-2023-copy\/"},"modified":"2025-07-08T20:17:38","modified_gmt":"2025-07-08T20:17:38","slug":"bt-agro-2024-2","status":"publish","type":"page","link":"https:\/\/cnecemali.com\/?page_id=10161","title":{"rendered":"BT AGRO 2024-2"},"content":{"rendered":"\t\t<div data-elementor-type=\"wp-page\" data-elementor-id=\"10161\" class=\"elementor elementor-10161\" data-elementor-post-type=\"page\">\n\t\t\t\t\t\t<section class=\"elementor-section elementor-top-section elementor-element elementor-element-7232b5f elementor-section-boxed elementor-section-height-default elementor-section-height-default\" data-id=\"7232b5f\" data-element_type=\"section\" data-settings=\"{&quot;background_background&quot;:&quot;classic&quot;}\">\n\t\t\t\t\t\t<div class=\"elementor-container elementor-column-gap-default\">\n\t\t\t\t\t<div class=\"elementor-column elementor-col-75 elementor-top-column elementor-element elementor-element-72331e0\" data-id=\"72331e0\" data-element_type=\"column\">\n\t\t\t<div class=\"elementor-widget-wrap elementor-element-populated\">\n\t\t\t\t\t\t<div class=\"elementor-element elementor-element-7233835 elementor-widget elementor-widget-text-editor\" data-id=\"7233835\" data-element_type=\"widget\" data-widget_type=\"text-editor.default\">\n\t\t\t\t<div class=\"elementor-widget-container\">\n\t\t\t\t\t\t\t<h3>BT1 AGRO<\/h3>\n\t\t\t\t\t\t<\/div>\n\t\t\t\t<\/div>\n\t\t\t\t<div class=\"elementor-element elementor-element-7237d60 elementor-widget elementor-widget-vc_custom_heading\" data-id=\"7237d60\" data-element_type=\"widget\" data-widget_type=\"vc_custom_heading.default\">\n\t\t\t\t<div class=\"elementor-widget-container\">\n\t\t\t<div class=\" vc_custom_heading no_stripe consulting_heading_font  text_align_left\" ><h6 style=\"color: #222222;text-align: left;font-weight:700\" class=\"consulting-custom-title\">\n<a  data-e-Disable-Page-Transition=\"true\" class=\"download-link download-button aligncenter\" title=\"Version bt1\" href=\"https:\/\/cnecemali.com?download=11273&amp;tmstv=1776761253\" rel=\"nofollow\" id=\"download-link-11273\" >\n\t<p>\n\t\tT\u00e9l\u00e9charger &ldquo;RESLTAT AGRO-BT1-2024&rdquo;\t<\/p>\n\t<small>RESULTAT_AGROPASTORAL_2024-BT1.pdf\t\t&ndash; T\u00e9l\u00e9charg\u00e9 388 fois\t\t&ndash; 1,84 Mo<\/small>\n<\/a>\n\n<\/h6><\/div>\t\t<\/div>\n\t\t\t\t<\/div>\n\t\t\t\t<div class=\"elementor-element elementor-element-8df873f elementor-widget elementor-widget-text-editor\" data-id=\"8df873f\" data-element_type=\"widget\" data-widget_type=\"text-editor.default\">\n\t\t\t\t<div class=\"elementor-widget-container\">\n\t\t\t\t\t\t\t<h3>BT2 AGRO<\/h3>\n\t\t\t\t\t\t<\/div>\n\t\t\t\t<\/div>\n\t\t\t\t<div class=\"elementor-element elementor-element-cf113eb elementor-widget elementor-widget-vc_custom_heading\" data-id=\"cf113eb\" data-element_type=\"widget\" data-widget_type=\"vc_custom_heading.default\">\n\t\t\t\t<div class=\"elementor-widget-container\">\n\t\t\t<div class=\" vc_custom_heading no_stripe consulting_heading_font  text_align_left\" ><h6 style=\"color: #222222;text-align: left;font-weight:700\" class=\"consulting-custom-title\">\n<a  data-e-Disable-Page-Transition=\"true\" class=\"download-link download-button aligncenter\" title=\"Version bt2\" href=\"https:\/\/cnecemali.com?download=11279&amp;tmstv=1776761253\" rel=\"nofollow\" id=\"download-link-11279\" >\n\t<p>\n\t\tT\u00e9l\u00e9charger &ldquo;RESULTAT_AGRO_BT2-2024&rdquo;\t<\/p>\n\t<small>RESULTAT_AGROPASTORAL_2024-BT2.pdf\t\t&ndash; T\u00e9l\u00e9charg\u00e9 156 fois\t\t&ndash; 1,66 Mo<\/small>\n<\/a>\n\n<\/h6><\/div>\t\t<\/div>\n\t\t\t\t<\/div>\n\t\t\t\t<div class=\"elementor-element elementor-element-ff426ff elementor-widget elementor-widget-text-editor\" data-id=\"ff426ff\" data-element_type=\"widget\" data-widget_type=\"text-editor.default\">\n\t\t\t\t<div class=\"elementor-widget-container\">\n\t\t\t\t\t\t\t<h3>SATISTIQUES<\/h3>\n\t\t\t\t\t\t<\/div>\n\t\t\t\t<\/div>\n\t\t\t\t<div class=\"elementor-element elementor-element-e618e65 elementor-widget elementor-widget-vc_custom_heading\" data-id=\"e618e65\" data-element_type=\"widget\" data-widget_type=\"vc_custom_heading.default\">\n\t\t\t\t<div class=\"elementor-widget-container\">\n\t\t\t<div class=\" vc_custom_heading no_stripe consulting_heading_font  text_align_left\" ><h6 style=\"color: #222222;text-align: left;font-weight:700\" class=\"consulting-custom-title\">\n<a  data-e-Disable-Page-Transition=\"true\" class=\"download-link download-button aligncenter\" title=\"\" href=\"https:\/\/cnecemali.com?download=11285&amp;tmstv=1776761253\" rel=\"nofollow\" id=\"download-link-11285\" >\n\t<p>\n\t\tT\u00e9l\u00e9charger &ldquo;STATISTIQUES_AGRO_BT1$BT2_2024&rdquo;\t<\/p>\n\t<small>STATISTIQUES-AGRO-BT1-BT2-2024.pdf\t\t&ndash; T\u00e9l\u00e9charg\u00e9 426 fois\t\t&ndash; 275,64 Ko<\/small>\n<\/a>\n\n<\/h6><\/div>\t\t<\/div>\n\t\t\t\t<\/div>\n\t\t\t\t\t<\/div>\n\t\t<\/div>\n\t\t\t\t<div class=\"elementor-column elementor-col-25 elementor-top-column elementor-element elementor-element-723812d elementor-hidden-tablet elementor-hidden-phone\" data-id=\"723812d\" data-element_type=\"column\">\n\t\t\t<div class=\"elementor-widget-wrap\">\n\t\t\t\t\t\t\t<\/div>\n\t\t<\/div>\n\t\t\t\t\t<\/div>\n\t\t<\/section>\n\t\t\t\t<\/div>\n\t\t","protected":false},"excerpt":{"rendered":"<p>BT1 AGRO BT2 AGRO SATISTIQUES<\/p>\n","protected":false},"author":1,"featured_media":0,"parent":6583,"menu_order":0,"comment_status":"closed","ping_status":"closed","template":"","meta":{"footnotes":""},"class_list":["post-10161","page","type-page","status-publish","hentry"],"_links":{"self":[{"href":"https:\/\/cnecemali.com\/index.php?rest_route=\/wp\/v2\/pages\/10161"}],"collection":[{"href":"https:\/\/cnecemali.com\/index.php?rest_route=\/wp\/v2\/pages"}],"about":[{"href":"https:\/\/cnecemali.com\/index.php?rest_route=\/wp\/v2\/types\/page"}],"author":[{"embeddable":true,"href":"https:\/\/cnecemali.com\/index.php?rest_route=\/wp\/v2\/users\/1"}],"replies":[{"embeddable":true,"href":"https:\/\/cnecemali.com\/index.php?rest_route=%2Fwp%2Fv2%2Fcomments&post=10161"}],"version-history":[{"count":9,"href":"https:\/\/cnecemali.com\/index.php?rest_route=\/wp\/v2\/pages\/10161\/revisions"}],"predecessor-version":[{"id":11292,"href":"https:\/\/cnecemali.com\/index.php?rest_route=\/wp\/v2\/pages\/10161\/revisions\/11292"}],"up":[{"embeddable":true,"href":"https:\/\/cnecemali.com\/index.php?rest_route=\/wp\/v2\/pages\/6583"}],"wp:attachment":[{"href":"https:\/\/cnecemali.com\/index.php?rest_route=%2Fwp%2Fv2%2Fmedia&parent=10161"}],"curies":[{"name":"wp","href":"https:\/\/api.w.org\/{rel}","templated":true}]}}