{"id":12086,"date":"2025-10-31T15:11:06","date_gmt":"2025-10-31T15:11:06","guid":{"rendered":"https:\/\/cnecemali.com\/?page_id=12086"},"modified":"2025-10-31T15:31:44","modified_gmt":"2025-10-31T15:31:44","slug":"concours-ifm-2023-copy","status":"publish","type":"page","link":"https:\/\/cnecemali.com\/?page_id=12086","title":{"rendered":"CONCOURS IFM 2025"},"content":{"rendered":"\t\t<div data-elementor-type=\"wp-page\" data-elementor-id=\"12086\" class=\"elementor elementor-12086\" data-elementor-post-type=\"page\">\n\t\t\t\t\t\t<section class=\"elementor-section elementor-top-section elementor-element elementor-element-7232b5f elementor-section-boxed elementor-section-height-default elementor-section-height-default\" data-id=\"7232b5f\" data-element_type=\"section\" data-settings=\"{&quot;background_background&quot;:&quot;classic&quot;}\">\n\t\t\t\t\t\t<div class=\"elementor-container elementor-column-gap-default\">\n\t\t\t\t\t<div class=\"elementor-column elementor-col-75 elementor-top-column elementor-element elementor-element-72331e0\" data-id=\"72331e0\" data-element_type=\"column\">\n\t\t\t<div class=\"elementor-widget-wrap elementor-element-populated\">\n\t\t\t\t\t\t<div class=\"elementor-element elementor-element-7233835 elementor-widget elementor-widget-text-editor\" data-id=\"7233835\" data-element_type=\"widget\" data-widget_type=\"text-editor.default\">\n\t\t\t\t<div class=\"elementor-widget-container\">\n\t\t\t\t\t\t\t<h3>GENERALISTES<\/h3>\n\t\t\t\t\t\t<\/div>\n\t\t\t\t<\/div>\n\t\t\t\t<div class=\"elementor-element elementor-element-7237d60 elementor-widget elementor-widget-vc_custom_heading\" data-id=\"7237d60\" data-element_type=\"widget\" data-widget_type=\"vc_custom_heading.default\">\n\t\t\t\t<div class=\"elementor-widget-container\">\n\t\t\t<div class=\" vc_custom_heading no_stripe consulting_heading_font  text_align_left\" ><h6 style=\"color: #222222;text-align: left;font-weight:700\" class=\"consulting-custom-title\">\n<a  data-e-Disable-Page-Transition=\"true\" class=\"download-link download-button aligncenter\" title=\"Version generalistes\" href=\"https:\/\/cnecemali.com?download=12089&amp;tmstv=1776772714\" rel=\"nofollow\" id=\"download-link-12089\" >\n\t<p>\n\t\tT\u00e9l\u00e9charger &ldquo;RESULTATS-GENERALISTES-CONCOURS-2025&rdquo;\t<\/p>\n\t<small>Decision-Admission-concours-IFM-2025-GENERALISTES.pdf\t\t&ndash; T\u00e9l\u00e9charg\u00e9 2118 fois\t\t&ndash; 3,32 Mo<\/small>\n<\/a>\n\n<\/h6><\/div>\t\t<\/div>\n\t\t\t\t<\/div>\n\t\t\t\t<div class=\"elementor-element elementor-element-8df873f elementor-widget elementor-widget-text-editor\" data-id=\"8df873f\" data-element_type=\"widget\" data-widget_type=\"text-editor.default\">\n\t\t\t\t<div class=\"elementor-widget-container\">\n\t\t\t\t\t\t\t<h3>SPECIALISTES<\/h3>\n\t\t\t\t\t\t<\/div>\n\t\t\t\t<\/div>\n\t\t\t\t<div class=\"elementor-element elementor-element-cf113eb elementor-widget elementor-widget-vc_custom_heading\" data-id=\"cf113eb\" data-element_type=\"widget\" data-widget_type=\"vc_custom_heading.default\">\n\t\t\t\t<div class=\"elementor-widget-container\">\n\t\t\t<div class=\" vc_custom_heading no_stripe consulting_heading_font  text_align_left\" ><h6 style=\"color: #222222;text-align: left;font-weight:700\" class=\"consulting-custom-title\">\n<a  data-e-Disable-Page-Transition=\"true\" class=\"download-link download-button aligncenter\" title=\"Version specialistes\" href=\"https:\/\/cnecemali.com?download=12095&amp;tmstv=1776772714\" rel=\"nofollow\" id=\"download-link-12095\" >\n\t<p>\n\t\tT\u00e9l\u00e9charger &ldquo;RESULTATS-SPECIALISTES-CONCOURS-2025&rdquo;\t<\/p>\n\t<small>Decision-Admission-concours-IFM-2025-SPECIALISTES.pdf\t\t&ndash; T\u00e9l\u00e9charg\u00e9 1400 fois\t\t&ndash; 3,93 Mo<\/small>\n<\/a>\n\n<\/h6><\/div>\t\t<\/div>\n\t\t\t\t<\/div>\n\t\t\t\t<div class=\"elementor-element elementor-element-a1e92bf elementor-widget elementor-widget-text-editor\" data-id=\"a1e92bf\" data-element_type=\"widget\" data-widget_type=\"text-editor.default\">\n\t\t\t\t<div class=\"elementor-widget-container\">\n\t\t\t\t\t\t\t<h3>HEGIRE<\/h3>\n\t\t\t\t\t\t<\/div>\n\t\t\t\t<\/div>\n\t\t\t\t<div class=\"elementor-element elementor-element-1b81306 elementor-widget elementor-widget-vc_custom_heading\" data-id=\"1b81306\" data-element_type=\"widget\" data-widget_type=\"vc_custom_heading.default\">\n\t\t\t\t<div class=\"elementor-widget-container\">\n\t\t\t<div class=\" vc_custom_heading no_stripe consulting_heading_font  text_align_left\" ><h6 style=\"color: #222222;text-align: left;font-weight:700\" class=\"consulting-custom-title\">\n<a  data-e-Disable-Page-Transition=\"true\" class=\"download-link download-button aligncenter\" title=\"Version hegire\" href=\"https:\/\/cnecemali.com?download=12101&amp;tmstv=1776772714\" rel=\"nofollow\" id=\"download-link-12101\" >\n\t<p>\n\t\tT\u00e9l\u00e9charger &ldquo;RESULTATS-HEGIRE-CONCOURS-2025&rdquo;\t<\/p>\n\t<small>Decision-Admission-concours-IFM-2025-HEGIRE.pdf\t\t&ndash; T\u00e9l\u00e9charg\u00e9 535 fois\t\t&ndash; 1,02 Mo<\/small>\n<\/a>\n\n<\/h6><\/div>\t\t<\/div>\n\t\t\t\t<\/div>\n\t\t\t\t<div class=\"elementor-element elementor-element-7ff7ce6 elementor-widget elementor-widget-text-editor\" data-id=\"7ff7ce6\" data-element_type=\"widget\" data-widget_type=\"text-editor.default\">\n\t\t\t\t<div class=\"elementor-widget-container\">\n\t\t\t\t\t\t\t<h3>EFEP<\/h3>\n\t\t\t\t\t\t<\/div>\n\t\t\t\t<\/div>\n\t\t\t\t<div class=\"elementor-element elementor-element-21563af elementor-widget elementor-widget-vc_custom_heading\" data-id=\"21563af\" data-element_type=\"widget\" data-widget_type=\"vc_custom_heading.default\">\n\t\t\t\t<div class=\"elementor-widget-container\">\n\t\t\t<div class=\" vc_custom_heading no_stripe consulting_heading_font  text_align_left\" ><h6 style=\"color: #222222;text-align: left;font-weight:700\" class=\"consulting-custom-title\">\n<a  data-e-Disable-Page-Transition=\"true\" class=\"download-link download-button aligncenter\" title=\"Version efep\" href=\"https:\/\/cnecemali.com?download=12107&amp;tmstv=1776772714\" rel=\"nofollow\" id=\"download-link-12107\" >\n\t<p>\n\t\tT\u00e9l\u00e9charger &ldquo;RESULTATS-EFEP-CONCOURS-2025&rdquo;\t<\/p>\n\t<small>Decision-Admission-concours-IFM-2025-EFEP.pdf\t\t&ndash; T\u00e9l\u00e9charg\u00e9 545 fois\t\t&ndash; 869,04 Ko<\/small>\n<\/a>\n\n<\/h6><\/div>\t\t<\/div>\n\t\t\t\t<\/div>\n\t\t\t\t\t<\/div>\n\t\t<\/div>\n\t\t\t\t<div class=\"elementor-column elementor-col-25 elementor-top-column elementor-element elementor-element-723812d elementor-hidden-tablet elementor-hidden-phone\" data-id=\"723812d\" data-element_type=\"column\">\n\t\t\t<div class=\"elementor-widget-wrap elementor-element-populated\">\n\t\t\t\t\t\t\t<\/div>\n\t\t<\/div>\n\t\t\t\t\t<\/div>\n\t\t<\/section>\n\t\t\t\t<\/div>\n\t\t","protected":false},"excerpt":{"rendered":"<p>GENERALISTES SPECIALISTES HEGIRE EFEP<\/p>\n","protected":false},"author":1,"featured_media":0,"parent":6583,"menu_order":0,"comment_status":"closed","ping_status":"closed","template":"","meta":{"footnotes":""},"class_list":["post-12086","page","type-page","status-publish","hentry"],"_links":{"self":[{"href":"https:\/\/cnecemali.com\/index.php?rest_route=\/wp\/v2\/pages\/12086"}],"collection":[{"href":"https:\/\/cnecemali.com\/index.php?rest_route=\/wp\/v2\/pages"}],"about":[{"href":"https:\/\/cnecemali.com\/index.php?rest_route=\/wp\/v2\/types\/page"}],"author":[{"embeddable":true,"href":"https:\/\/cnecemali.com\/index.php?rest_route=\/wp\/v2\/users\/1"}],"replies":[{"embeddable":true,"href":"https:\/\/cnecemali.com\/index.php?rest_route=%2Fwp%2Fv2%2Fcomments&post=12086"}],"version-history":[{"count":14,"href":"https:\/\/cnecemali.com\/index.php?rest_route=\/wp\/v2\/pages\/12086\/revisions"}],"predecessor-version":[{"id":12116,"href":"https:\/\/cnecemali.com\/index.php?rest_route=\/wp\/v2\/pages\/12086\/revisions\/12116"}],"up":[{"embeddable":true,"href":"https:\/\/cnecemali.com\/index.php?rest_route=\/wp\/v2\/pages\/6583"}],"wp:attachment":[{"href":"https:\/\/cnecemali.com\/index.php?rest_route=%2Fwp%2Fv2%2Fmedia&parent=12086"}],"curies":[{"name":"wp","href":"https:\/\/api.w.org\/{rel}","templated":true}]}}