{"id":7280,"date":"2020-12-22T00:40:57","date_gmt":"2020-12-21T23:40:57","guid":{"rendered":"https:\/\/cnecemali.com\/cnece\/bt-agro-2020-copy\/"},"modified":"2023-09-08T17:25:16","modified_gmt":"2023-09-08T15:25:16","slug":"cap-bt1-bt2-2020","status":"publish","type":"page","link":"https:\/\/cnecemali.com\/?page_id=7280","title":{"rendered":"CAP-BT1 &#038;BT2 2020"},"content":{"rendered":"\t\t<div data-elementor-type=\"wp-page\" data-elementor-id=\"7280\" class=\"elementor elementor-7280\" data-elementor-post-type=\"page\">\n\t\t\t\t\t\t<section class=\"elementor-section elementor-top-section elementor-element elementor-element-390141be elementor-section-boxed elementor-section-height-default elementor-section-height-default\" data-id=\"390141be\" data-element_type=\"section\" data-settings=\"{&quot;background_background&quot;:&quot;classic&quot;}\">\n\t\t\t\t\t\t<div class=\"elementor-container elementor-column-gap-default\">\n\t\t\t\t\t<div class=\"elementor-column elementor-col-75 elementor-top-column elementor-element elementor-element-16db48db\" data-id=\"16db48db\" data-element_type=\"column\">\n\t\t\t<div class=\"elementor-widget-wrap elementor-element-populated\">\n\t\t\t\t\t\t<div class=\"elementor-element elementor-element-5b706b2f elementor-widget elementor-widget-text-editor\" data-id=\"5b706b2f\" data-element_type=\"widget\" data-widget_type=\"text-editor.default\">\n\t\t\t\t<div class=\"elementor-widget-container\">\n\t\t\t\t\t\t\t<h3>Resultats Agro 2023<\/h3>\n\t\t\t\t\t\t<\/div>\n\t\t\t\t<\/div>\n\t\t\t\t<div class=\"elementor-element elementor-element-6bd72c84 elementor-widget elementor-widget-text-editor\" data-id=\"6bd72c84\" data-element_type=\"widget\" data-widget_type=\"text-editor.default\">\n\t\t\t\t<div class=\"elementor-widget-container\">\n\t\t\t\t\t\t\t<h3>BT1<\/h3>\n\t\t\t\t\t\t<\/div>\n\t\t\t\t<\/div>\n\t\t\t\t<div class=\"elementor-element elementor-element-6e3c2bcf elementor-widget elementor-widget-vc_custom_heading\" data-id=\"6e3c2bcf\" data-element_type=\"widget\" data-widget_type=\"vc_custom_heading.default\">\n\t\t\t\t<div class=\"elementor-widget-container\">\n\t\t\t<div class=\" vc_custom_heading no_stripe consulting_heading_font  text_align_left\" ><h6 style=\"color: #222222;text-align: left;font-weight:700\" class=\"consulting-custom-title\">\n<a  data-e-Disable-Page-Transition=\"true\" class=\"download-link download-button aligncenter\" title=\"\" href=\"https:\/\/cnecemali.com?download=10036&amp;tmstv=1776772719\" rel=\"nofollow\" id=\"download-link-10036\" >\n\t<p>\n\t\tT\u00e9l\u00e9charger &ldquo;RESULTAT-AGRO-BT1-2023&rdquo;\t<\/p>\n\t<small>RESULTAT-AGRO-BT1-2023.pdf\t\t&ndash; T\u00e9l\u00e9charg\u00e9 2775 fois\t\t&ndash; 1,36 Mo<\/small>\n<\/a>\n\n<\/h6><\/div>\t\t<\/div>\n\t\t\t\t<\/div>\n\t\t\t\t<div class=\"elementor-element elementor-element-625be423 elementor-widget elementor-widget-text-editor\" data-id=\"625be423\" data-element_type=\"widget\" data-widget_type=\"text-editor.default\">\n\t\t\t\t<div class=\"elementor-widget-container\">\n\t\t\t\t\t\t\t<h3>BT2<\/h3>\n\t\t\t\t\t\t<\/div>\n\t\t\t\t<\/div>\n\t\t\t\t<div class=\"elementor-element elementor-element-6b0b7b0d elementor-widget elementor-widget-vc_custom_heading\" data-id=\"6b0b7b0d\" data-element_type=\"widget\" data-widget_type=\"vc_custom_heading.default\">\n\t\t\t\t<div class=\"elementor-widget-container\">\n\t\t\t<div class=\" vc_custom_heading no_stripe consulting_heading_font  text_align_left\" ><h6 style=\"color: #222222;text-align: left;font-weight:700\" class=\"consulting-custom-title\">\n<a  data-e-Disable-Page-Transition=\"true\" class=\"download-link download-button aligncenter\" title=\"\" href=\"https:\/\/cnecemali.com?download=10042&amp;tmstv=1776772719\" rel=\"nofollow\" id=\"download-link-10042\" >\n\t<p>\n\t\tT\u00e9l\u00e9charger &ldquo;RESULTAT-AGRO-BT2-2023&rdquo;\t<\/p>\n\t<small>RESULTAT-AGRO-BT2-2023.pdf\t\t&ndash; T\u00e9l\u00e9charg\u00e9 1087 fois\t\t&ndash; 1,15 Mo<\/small>\n<\/a>\n\n<\/h6><\/div>\t\t<\/div>\n\t\t\t\t<\/div>\n\t\t\t\t<div class=\"elementor-element elementor-element-44013925 elementor-widget elementor-widget-text-editor\" data-id=\"44013925\" data-element_type=\"widget\" data-widget_type=\"text-editor.default\">\n\t\t\t\t<div class=\"elementor-widget-container\">\n\t\t\t\t\t\t\t<h3>Statistiques<\/h3>\n\t\t\t\t\t\t<\/div>\n\t\t\t\t<\/div>\n\t\t\t\t<div class=\"elementor-element elementor-element-3b6d35 elementor-widget elementor-widget-vc_custom_heading\" data-id=\"3b6d35\" data-element_type=\"widget\" data-widget_type=\"vc_custom_heading.default\">\n\t\t\t\t<div class=\"elementor-widget-container\">\n\t\t\t<div class=\" vc_custom_heading no_stripe consulting_heading_font  text_align_left\" ><h6 style=\"color: #222222;text-align: left;font-weight:700\" class=\"consulting-custom-title\">\n<a  data-e-Disable-Page-Transition=\"true\" class=\"download-link download-button aligncenter\" title=\"\" href=\"https:\/\/cnecemali.com?download=10047&amp;tmstv=1776772719\" rel=\"nofollow\" id=\"download-link-10047\" >\n\t<p>\n\t\tT\u00e9l\u00e9charger &ldquo;STATISTIQUE-AGRO-2023&rdquo;\t<\/p>\n\t<small>STATISTIQUE-AGRO-2023.pdf\t\t&ndash; T\u00e9l\u00e9charg\u00e9 2619 fois\t\t&ndash; 374,72 Ko<\/small>\n<\/a>\n\n<\/h6><\/div>\t\t<\/div>\n\t\t\t\t<\/div>\n\t\t\t\t\t<\/div>\n\t\t<\/div>\n\t\t\t\t<div class=\"elementor-column elementor-col-25 elementor-top-column elementor-element elementor-element-49af46ba elementor-hidden-tablet elementor-hidden-phone\" data-id=\"49af46ba\" data-element_type=\"column\">\n\t\t\t<div class=\"elementor-widget-wrap elementor-element-populated\">\n\t\t\t\t\t\t<div class=\"elementor-element elementor-element-42637b6 elementor-widget elementor-widget-stm_sidebar\" data-id=\"42637b6\" data-element_type=\"widget\" data-widget_type=\"stm_sidebar.default\">\n\t\t\t\t<div class=\"elementor-widget-container\">\n\t\t\t\n<div class=\"stm_sidebar consulting_elementor_sidebar\">\n\n            \t\t<div data-elementor-type=\"wp-post\" data-elementor-id=\"311\" class=\"elementor elementor-311\" data-elementor-post-type=\"stm_vc_sidebar\">\n\t\t\t\t\t\t<section class=\"elementor-section elementor-top-section elementor-element elementor-element-971c0e9 elementor-section-boxed elementor-section-height-default elementor-section-height-default\" data-id=\"971c0e9\" data-element_type=\"section\" data-settings=\"{&quot;background_background&quot;:&quot;classic&quot;}\">\n\t\t\t\t\t\t<div class=\"elementor-container elementor-column-gap-default\">\n\t\t\t\t\t<div class=\"elementor-column elementor-col-100 elementor-top-column elementor-element elementor-element-971c71d\" data-id=\"971c71d\" data-element_type=\"column\">\n\t\t\t<div class=\"elementor-widget-wrap elementor-element-populated\">\n\t\t\t\t\t\t<div class=\"elementor-element elementor-element-971ce9b elementor-align-left elementor-widget elementor-widget-button\" data-id=\"971ce9b\" data-element_type=\"widget\" data-widget_type=\"button.default\">\n\t\t\t\t<div class=\"elementor-widget-container\">\n\t\t\t\t\t<div class=\"elementor-button-wrapper icon_align_row  button_block\">\n\t\t\t<a class=\"elementor-button elementor-button-link elementor-size-lg\" href=\"#\">\n\t\t\t\t\t\t<span class=\"elementor-button-content-wrapper\">\n\t\t\t\t\t\t<span class=\"elementor-button-icon\">\n\t\t\t\t<i aria-hidden=\"true\" class=\"fa fa-file-pdf-o\"><\/i>\t\t\t<\/span>\n\t\t\t\t\t\t\t\t\t<span class=\"elementor-button-text\">Company presentation<\/span>\n\t\t\t\t\t<\/span>\n\t\t\t\t\t<\/a>\n\t\t<\/div>\n\t\t\t\t<\/div>\n\t\t\t\t<\/div>\n\t\t\t\t\t<\/div>\n\t\t<\/div>\n\t\t\t\t\t<\/div>\n\t\t<\/section>\n\t\t\t\t<section class=\"elementor-section elementor-top-section elementor-element elementor-element-971df31 third_bg_color elementor-section-boxed elementor-section-height-default elementor-section-height-default\" data-id=\"971df31\" data-element_type=\"section\" data-settings=\"{&quot;background_background&quot;:&quot;classic&quot;}\">\n\t\t\t\t\t\t<div class=\"elementor-container elementor-column-gap-default\">\n\t\t\t\t\t<div class=\"elementor-column elementor-col-100 elementor-top-column elementor-element elementor-element-971e868\" data-id=\"971e868\" data-element_type=\"column\" data-settings=\"{&quot;background_background&quot;:&quot;classic&quot;}\">\n\t\t\t<div class=\"elementor-widget-wrap elementor-element-populated\">\n\t\t\t\t\t\t<div class=\"elementor-element elementor-element-971ecc0 elementor-widget elementor-widget-vc_custom_heading\" data-id=\"971ecc0\" data-element_type=\"widget\" data-widget_type=\"vc_custom_heading.default\">\n\t\t\t\t<div class=\"elementor-widget-container\">\n\t\t\t<div class=\" vc_custom_heading  consulting_heading_font  text_align_left\" ><div style=\"font-size: 16px;color: #222222;text-align: left;font-weight:700\" class=\"consulting-custom-title\">How can we help you?\n<\/div><\/div>\t\t<\/div>\n\t\t\t\t<\/div>\n\t\t\t\t<div class=\"elementor-element elementor-element-971f0b6 elementor-widget elementor-widget-text-editor\" data-id=\"971f0b6\" data-element_type=\"widget\" data-widget_type=\"text-editor.default\">\n\t\t\t\t<div class=\"elementor-widget-container\">\n\t\t\t\t\t\t\t<p><span style=\"font-size: 13px; line-height: 22px; color: #222222;\">Contact us at the Consulting WP office nearest to you or submit a business inquiry online.<\/span><\/p>\n\t\t\t\t\t\t<\/div>\n\t\t\t\t<\/div>\n\t\t\t\t<div class=\"elementor-element elementor-element-971f3a7 elementor-widget__width-auto elementor-widget elementor-widget-button\" data-id=\"971f3a7\" data-element_type=\"widget\" data-widget_type=\"button.default\">\n\t\t\t\t<div class=\"elementor-widget-container\">\n\t\t\t\t\t<div class=\"elementor-button-wrapper icon_align_row  \">\n\t\t\t<a class=\"elementor-button elementor-button-link elementor-size-sm\" href=\"#\">\n\t\t\t\t\t\t<span class=\"elementor-button-content-wrapper\">\n\t\t\t\t\t\t<span class=\"elementor-button-icon\">\n\t\t\t\t<i aria-hidden=\"true\" class=\"fa fa-phone-square\"><\/i>\t\t\t<\/span>\n\t\t\t\t\t\t\t\t\t<span class=\"elementor-button-text\">contacts<\/span>\n\t\t\t\t\t<\/span>\n\t\t\t\t\t<\/a>\n\t\t<\/div>\n\t\t\t\t<\/div>\n\t\t\t\t<\/div>\n\t\t\t\t\t<\/div>\n\t\t<\/div>\n\t\t\t\t\t<\/div>\n\t\t<\/section>\n\t\t\t\t<section class=\"elementor-section elementor-top-section elementor-element elementor-element-971ff9f elementor-section-boxed elementor-section-height-default elementor-section-height-default\" data-id=\"971ff9f\" data-element_type=\"section\">\n\t\t\t\t\t\t<div class=\"elementor-container elementor-column-gap-default\">\n\t\t\t\t\t<div class=\"elementor-column elementor-col-100 elementor-top-column elementor-element elementor-element-972045b\" data-id=\"972045b\" data-element_type=\"column\">\n\t\t\t<div class=\"elementor-widget-wrap elementor-element-populated\">\n\t\t\t\t\t\t<div class=\"elementor-element elementor-element-9720847 elementor-widget elementor-widget-stm_testimonials\" data-id=\"9720847\" data-element_type=\"widget\" data-widget_type=\"stm_testimonials.default\">\n\t\t\t\t<div class=\"elementor-widget-container\">\n\t\t\t\n\n\t\t\t<div class=\"stm_testimonials consulting_elementor_testimonials style_1\">\n\t\t\t\t\t\t\t<div class=\"item\">\n\t\t\t\t\t<div class=\"testimonial\"><p>\u00ab\u00a0When you are in the financial industry you know the image you have to project to people. You have to be agile and authoritative; Consulting WP is the way to go for financial institutions.\u00a0\u00bb<\/p>\n<\/div>\n\t\t\t\t\t<div class=\"testimonial-info clearfix\">\n\t\t\t\t\t\t<div class=\"testimonial-image\"><\/div>\n\t\t\t\t\t\t<div class=\"testimonial-text\">\n\t\t\t\t\t\t\t<div class=\"name\">Amanda Seyfried<\/div>\n\t\t\t\t\t\t\t<div class=\"company\">\n\t\t\t\t\t\t\tFounder &amp; CEO, Arcade Systems\t\t\t\t\t\t\t<\/div>\n\t\t\t\t\t\t<\/div>\n\t\t\t\t\t<\/div>\n\t\t\t\t<\/div>\n\t\t\t\t\t<\/div>\n\t\n\t\t\t<\/div>\n\t\t\t\t<\/div>\n\t\t\t\t\t<\/div>\n\t\t<\/div>\n\t\t\t\t\t<\/div>\n\t\t<\/section>\n\t\t\t\t<\/div>\n\t\t    \n<\/div>\t\t<\/div>\n\t\t\t\t<\/div>\n\t\t\t\t\t<\/div>\n\t\t<\/div>\n\t\t\t\t\t<\/div>\n\t\t<\/section>\n\t\t\t\t<\/div>\n\t\t","protected":false},"excerpt":{"rendered":"<p>Resultats Agro 2023 BT1 BT2 Statistiques Company presentation How can we help you? Contact us at the Consulting WP office nearest to you or submit a business inquiry online. contacts &#8220;When you are in the financial industry you know the image you have to project to people. You have to be agile and authoritative; Consulting<\/p>\n","protected":false},"author":1,"featured_media":0,"parent":6583,"menu_order":0,"comment_status":"closed","ping_status":"closed","template":"","meta":{"footnotes":""},"class_list":["post-7280","page","type-page","status-publish","hentry"],"_links":{"self":[{"href":"https:\/\/cnecemali.com\/index.php?rest_route=\/wp\/v2\/pages\/7280"}],"collection":[{"href":"https:\/\/cnecemali.com\/index.php?rest_route=\/wp\/v2\/pages"}],"about":[{"href":"https:\/\/cnecemali.com\/index.php?rest_route=\/wp\/v2\/types\/page"}],"author":[{"embeddable":true,"href":"https:\/\/cnecemali.com\/index.php?rest_route=\/wp\/v2\/users\/1"}],"replies":[{"embeddable":true,"href":"https:\/\/cnecemali.com\/index.php?rest_route=%2Fwp%2Fv2%2Fcomments&post=7280"}],"version-history":[{"count":0,"href":"https:\/\/cnecemali.com\/index.php?rest_route=\/wp\/v2\/pages\/7280\/revisions"}],"up":[{"embeddable":true,"href":"https:\/\/cnecemali.com\/index.php?rest_route=\/wp\/v2\/pages\/6583"}],"wp:attachment":[{"href":"https:\/\/cnecemali.com\/index.php?rest_route=%2Fwp%2Fv2%2Fmedia&parent=7280"}],"curies":[{"name":"wp","href":"https:\/\/api.w.org\/{rel}","templated":true}]}}