{"id":8254,"date":"2021-10-20T13:33:18","date_gmt":"2021-10-20T11:33:18","guid":{"rendered":"https:\/\/cnecemali.com\/cnece\/ifm-2020-copy\/"},"modified":"2021-10-20T13:47:02","modified_gmt":"2021-10-20T11:47:02","slug":"ifm-2021","status":"publish","type":"page","link":"https:\/\/cnecemali.com\/?page_id=8254","title":{"rendered":"IFM 2021"},"content":{"rendered":"\t\t<div data-elementor-type=\"wp-page\" data-elementor-id=\"8254\" class=\"elementor elementor-8254\" data-elementor-post-type=\"page\">\n\t\t\t\t\t\t<section class=\"elementor-section elementor-top-section elementor-element elementor-element-7232b5f elementor-section-boxed elementor-section-height-default elementor-section-height-default\" data-id=\"7232b5f\" data-element_type=\"section\" data-settings=\"{&quot;background_background&quot;:&quot;classic&quot;}\">\n\t\t\t\t\t\t<div class=\"elementor-container elementor-column-gap-default\">\n\t\t\t\t\t<div class=\"elementor-column elementor-col-75 elementor-top-column elementor-element elementor-element-72331e0\" data-id=\"72331e0\" data-element_type=\"column\">\n\t\t\t<div class=\"elementor-widget-wrap elementor-element-populated\">\n\t\t\t\t\t\t<div class=\"elementor-element elementor-element-7233835 elementor-widget elementor-widget-text-editor\" data-id=\"7233835\" data-element_type=\"widget\" data-widget_type=\"text-editor.default\">\n\t\t\t\t<div class=\"elementor-widget-container\">\n\t\t\t\t\t\t\t<h3>DECISION-RESULTAT IFM-2021-FIN DE CYCLE<\/h3>\n\t\t\t\t\t\t<\/div>\n\t\t\t\t<\/div>\n\t\t\t\t<div class=\"elementor-element elementor-element-7237d60 elementor-widget elementor-widget-vc_custom_heading\" data-id=\"7237d60\" data-element_type=\"widget\" data-widget_type=\"vc_custom_heading.default\">\n\t\t\t\t<div class=\"elementor-widget-container\">\n\t\t\t<div class=\" vc_custom_heading no_stripe consulting_heading_font  text_align_left\" ><h6 style=\"color: #222222;text-align: left;font-weight:700\" class=\"consulting-custom-title\">\n<a  data-e-Disable-Page-Transition=\"true\" class=\"download-link download-button aligncenter\" title=\"\" href=\"https:\/\/cnecemali.com?download=8257&amp;tmstv=1776772718\" rel=\"nofollow\" id=\"download-link-8257\" >\n\t<p>\n\t\tT\u00e9l\u00e9charger &ldquo;RESULTAT IFM-2021-FIN DE CYCLE&rdquo;\t<\/p>\n\t<small>DECISION-RESULTAT-IFM-2021-FIN-DE-CYCLE.pdf\t\t&ndash; T\u00e9l\u00e9charg\u00e9 1574 fois\t\t&ndash; 1,50 Mo<\/small>\n<\/a>\n\n<\/h6><\/div>\t\t<\/div>\n\t\t\t\t<\/div>\n\t\t\t\t<div class=\"elementor-element elementor-element-8df873f elementor-widget elementor-widget-text-editor\" data-id=\"8df873f\" data-element_type=\"widget\" data-widget_type=\"text-editor.default\">\n\t\t\t\t<div class=\"elementor-widget-container\">\n\t\t\t\t\t\t\t<h3>DECISION-RESULTAT IFM-2021-PASSAGE<\/h3>\n\t\t\t\t\t\t<\/div>\n\t\t\t\t<\/div>\n\t\t\t\t<div class=\"elementor-element elementor-element-cf113eb elementor-widget elementor-widget-vc_custom_heading\" data-id=\"cf113eb\" data-element_type=\"widget\" data-widget_type=\"vc_custom_heading.default\">\n\t\t\t\t<div class=\"elementor-widget-container\">\n\t\t\t<div class=\" vc_custom_heading no_stripe consulting_heading_font  text_align_left\" ><h6 style=\"color: #222222;text-align: left;font-weight:700\" class=\"consulting-custom-title\">\n<a  data-e-Disable-Page-Transition=\"true\" class=\"download-link download-button aligncenter\" title=\"\" href=\"https:\/\/cnecemali.com?download=8261&amp;tmstv=1776772718\" rel=\"nofollow\" id=\"download-link-8261\" >\n\t<p>\n\t\tT\u00e9l\u00e9charger &ldquo;RESULTAT IFM-2021-PASSAGE&rdquo;\t<\/p>\n\t<small>DECISION-RESULTAT-IFM-2021-PASSAGE.pdf\t\t&ndash; T\u00e9l\u00e9charg\u00e9 1529 fois\t\t&ndash; 2,53 Mo<\/small>\n<\/a>\n\n<\/h6><\/div>\t\t<\/div>\n\t\t\t\t<\/div>\n\t\t\t\t\t<\/div>\n\t\t<\/div>\n\t\t\t\t<div class=\"elementor-column elementor-col-25 elementor-top-column elementor-element elementor-element-723812d elementor-hidden-tablet elementor-hidden-phone\" data-id=\"723812d\" data-element_type=\"column\">\n\t\t\t<div class=\"elementor-widget-wrap elementor-element-populated\">\n\t\t\t\t\t\t\t<\/div>\n\t\t<\/div>\n\t\t\t\t\t<\/div>\n\t\t<\/section>\n\t\t\t\t<\/div>\n\t\t","protected":false},"excerpt":{"rendered":"<p>DECISION-RESULTAT IFM-2021-FIN DE CYCLE DECISION-RESULTAT IFM-2021-PASSAGE<\/p>\n","protected":false},"author":1,"featured_media":0,"parent":6583,"menu_order":0,"comment_status":"closed","ping_status":"closed","template":"","meta":{"footnotes":""},"class_list":["post-8254","page","type-page","status-publish","hentry"],"_links":{"self":[{"href":"https:\/\/cnecemali.com\/index.php?rest_route=\/wp\/v2\/pages\/8254"}],"collection":[{"href":"https:\/\/cnecemali.com\/index.php?rest_route=\/wp\/v2\/pages"}],"about":[{"href":"https:\/\/cnecemali.com\/index.php?rest_route=\/wp\/v2\/types\/page"}],"author":[{"embeddable":true,"href":"https:\/\/cnecemali.com\/index.php?rest_route=\/wp\/v2\/users\/1"}],"replies":[{"embeddable":true,"href":"https:\/\/cnecemali.com\/index.php?rest_route=%2Fwp%2Fv2%2Fcomments&post=8254"}],"version-history":[{"count":0,"href":"https:\/\/cnecemali.com\/index.php?rest_route=\/wp\/v2\/pages\/8254\/revisions"}],"up":[{"embeddable":true,"href":"https:\/\/cnecemali.com\/index.php?rest_route=\/wp\/v2\/pages\/6583"}],"wp:attachment":[{"href":"https:\/\/cnecemali.com\/index.php?rest_route=%2Fwp%2Fv2%2Fmedia&parent=8254"}],"curies":[{"name":"wp","href":"https:\/\/api.w.org\/{rel}","templated":true}]}}